{"id":4289,"date":"2026-04-21T10:31:16","date_gmt":"2026-04-21T08:31:16","guid":{"rendered":"https:\/\/sfs-net.de\/responsabilidad\/"},"modified":"2026-04-28T12:56:16","modified_gmt":"2026-04-28T10:56:16","slug":"responsabilidad","status":"publish","type":"page","link":"https:\/\/sfs-net.de\/es\/responsabilidad\/","title":{"rendered":"Responsabilidad"},"content":{"rendered":"\t\t<div data-elementor-type=\"wp-page\" data-elementor-id=\"4289\" class=\"elementor elementor-4289 elementor-3135\" data-elementor-post-type=\"page\">\n\t\t\t\t<div class=\"elementor-element elementor-element-d7b843e e-flex e-con-boxed e-con e-parent\" data-id=\"d7b843e\" data-element_type=\"container\" data-e-type=\"container\">\n\t\t\t\t\t<div class=\"e-con-inner\">\n\t\t\t\t<div class=\"elementor-element elementor-element-6a4a59b elementor-widget elementor-widget-heading\" data-id=\"6a4a59b\" data-element_type=\"widget\" data-e-type=\"widget\" data-widget_type=\"heading.default\">\n\t\t\t\t\t<h1 class=\"elementor-heading-title elementor-size-default\">Responsabilidad<\/h1>\t\t\t\t<\/div>\n\t\t\t\t<div class=\"elementor-element elementor-element-78a931a elementor-widget elementor-widget-text-editor\" data-id=\"78a931a\" data-element_type=\"widget\" data-e-type=\"widget\" data-widget_type=\"text-editor.default\">\n\t\t\t\t\t\t\t\t\t<h3>Responsabilidad por contenidos<\/h3><p>Como proveedor de servicios, somos responsables de nuestros propios contenidos en estas p\u00e1ginas de acuerdo con el \u00a7 7, p\u00e1rrafo 1 de la DDG, conforme a las leyes generales. Sin embargo, seg\u00fan los \u00a7\u00a7 8 a 10 de la DDG, como proveedor de servicios no estamos obligados a supervisar la informaci\u00f3n de terceros transmitida o almacenada, ni a investigar circunstancias que indiquen una actividad ilegal.  <\/p><p>Las obligaciones de eliminar o bloquear el uso de informaci\u00f3n seg\u00fan las leyes generales no se ven afectadas por lo anterior. No obstante, la responsabilidad al respecto solo es posible a partir del momento en que se tenga conocimiento de una infracci\u00f3n legal concreta. En caso de tener conocimiento de dichas infracciones legales, eliminaremos estos contenidos de inmediato.  <\/p><h3>Responsabilidad por enlaces<\/h3><p>Nuestra oferta contiene enlaces a sitios web externos de terceros sobre cuyos contenidos no tenemos ninguna influencia. Por ello, no podemos asumir ninguna garant\u00eda por estos contenidos ajenos. El respectivo proveedor u operador de las p\u00e1ginas es siempre responsable de los contenidos de las p\u00e1ginas enlazadas. Las p\u00e1ginas enlazadas fueron verificadas en el momento del enlace para detectar posibles infracciones legales. No se identificaron contenidos il\u00edcitos en el momento del enlace.    <\/p><p>Sin embargo, no es razonable realizar un control permanente del contenido de las p\u00e1ginas enlazadas sin indicios concretos de una infracci\u00f3n legal. En caso de tener conocimiento de infracciones legales, eliminaremos dichos enlaces de inmediato. <\/p><h3>Derechos de autor<\/h3><p>Los contenidos y obras creados por los operadores del sitio en estas p\u00e1ginas est\u00e1n sujetos a la ley alemana de derechos de autor. La reproducci\u00f3n, edici\u00f3n, distribuci\u00f3n y cualquier tipo de explotaci\u00f3n fuera de los l\u00edmites de los derechos de autor requieren el consentimiento por escrito del autor o creador respectivo. Las descargas y copias de esta p\u00e1gina solo est\u00e1n permitidas para uso privado y no comercial.  <\/p><p>En la medida en que los contenidos de esta p\u00e1gina no hayan sido creados por el operador, se respetan los derechos de autor de terceros. En particular, los contenidos de terceros se identifican como tales. Si, no obstante, detecta una infracci\u00f3n de derechos de autor, le rogamos que nos lo comunique. En caso de tener conocimiento de infracciones legales, eliminaremos dichos contenidos de inmediato.   <\/p><h3>Cl\u00e1usula de igualdad<\/h3><p>La igualdad entre mujeres, hombres y personas de g\u00e9nero diverso representa un aspecto fundamental de nuestra sociedad. Por ello, las mujeres y las personas de g\u00e9nero diverso deben expresarse ling\u00fc\u00edsticamente all\u00ed donde est\u00e9n incluidas o puedan estarlo, en contraposici\u00f3n a una designaci\u00f3n personal masculina generalizadora. Por este motivo, todos los contenidos, descripciones, designaciones, pasajes de texto y frases relacionados con personas en este sitio web se aplican por igual a hombres, mujeres y personas de g\u00e9nero diverso por razones de igualdad de trato e igualdad ling\u00fc\u00edstica.  <\/p>\t\t\t\t\t\t\t\t<\/div>\n\t\t\t\t\t<\/div>\n\t\t\t\t<\/div>\n\t\t\t\t<\/div>\n\t\t","protected":false},"excerpt":{"rendered":"<p>Responsabilidad Responsabilidad por contenidos Como proveedor de servicios, somos responsables de nuestros propios contenidos en estas p\u00e1ginas de acuerdo con el \u00a7 7, p\u00e1rrafo 1 de la DDG, conforme a las leyes generales. Sin embargo, seg\u00fan los \u00a7\u00a7 8 a 10 de la DDG, como proveedor de servicios no estamos obligados a supervisar la informaci\u00f3n [&hellip;]<\/p>\n","protected":false},"author":1,"featured_media":0,"parent":0,"menu_order":0,"comment_status":"closed","ping_status":"closed","template":"elementor_header_footer","meta":{"footnotes":""},"class_list":["post-4289","page","type-page","status-publish","hentry"],"_links":{"self":[{"href":"https:\/\/sfs-net.de\/es\/wp-json\/wp\/v2\/pages\/4289","targetHints":{"allow":["GET"]}}],"collection":[{"href":"https:\/\/sfs-net.de\/es\/wp-json\/wp\/v2\/pages"}],"about":[{"href":"https:\/\/sfs-net.de\/es\/wp-json\/wp\/v2\/types\/page"}],"author":[{"embeddable":true,"href":"https:\/\/sfs-net.de\/es\/wp-json\/wp\/v2\/users\/1"}],"replies":[{"embeddable":true,"href":"https:\/\/sfs-net.de\/es\/wp-json\/wp\/v2\/comments?post=4289"}],"version-history":[{"count":1,"href":"https:\/\/sfs-net.de\/es\/wp-json\/wp\/v2\/pages\/4289\/revisions"}],"predecessor-version":[{"id":4290,"href":"https:\/\/sfs-net.de\/es\/wp-json\/wp\/v2\/pages\/4289\/revisions\/4290"}],"wp:attachment":[{"href":"https:\/\/sfs-net.de\/es\/wp-json\/wp\/v2\/media?parent=4289"}],"curies":[{"name":"wp","href":"https:\/\/api.w.org\/{rel}","templated":true}]}}