{"id":4291,"date":"2026-04-21T10:36:30","date_gmt":"2026-04-21T08:36:30","guid":{"rendered":"https:\/\/sfs-net.de\/aviso-legal\/"},"modified":"2026-04-29T18:47:32","modified_gmt":"2026-04-29T16:47:32","slug":"aviso-legal","status":"publish","type":"page","link":"https:\/\/sfs-net.de\/es\/aviso-legal\/","title":{"rendered":"Aviso legal"},"content":{"rendered":"\t\t<div data-elementor-type=\"wp-page\" data-elementor-id=\"4291\" class=\"elementor elementor-4291 elementor-3144\" data-elementor-post-type=\"page\">\n\t\t\t\t<div class=\"elementor-element elementor-element-d7b843e e-flex e-con-boxed e-con e-parent\" data-id=\"d7b843e\" data-element_type=\"container\" data-e-type=\"container\">\n\t\t\t\t\t<div class=\"e-con-inner\">\n\t\t\t\t<div class=\"elementor-element elementor-element-6a4a59b elementor-widget elementor-widget-heading\" data-id=\"6a4a59b\" data-element_type=\"widget\" data-e-type=\"widget\" data-widget_type=\"heading.default\">\n\t\t\t\t\t<h1 class=\"elementor-heading-title elementor-size-default\">Aviso legal<\/h1>\t\t\t\t<\/div>\n\t\t\t\t<div class=\"elementor-element elementor-element-78a931a elementor-widget elementor-widget-text-editor\" data-id=\"78a931a\" data-element_type=\"widget\" data-e-type=\"widget\" data-widget_type=\"text-editor.default\">\n\t\t\t\t\t\t\t\t\t<h3>Informaci\u00f3n conforme al \u00a7 5 DDG (Ley de Servicios Digitales):<\/h3><p>Sch\u00e4fer &amp; Flottmann GmbH &amp; Co. KG<br>Esborner Strasse 97<br>58285 Gevelsberg<\/p><p>Registro mercantil:<br>HRA 4383<br>HRB 5769<br>Tribunal de registro: Amtsgericht Hagen<\/p><p><strong>Representada por:<\/strong><br>Heinrich Konrad Flottmann<\/p><p>HRA 4383<br>HRB 5769<\/p><h3>Contacto:<\/h3><p>Tel\u00e9fono: <a href=\"tel:+49233295960\">+49 (0) 2332 9596 0<\/a><br>Correo electr\u00f3nico: <a href=\"mailto:info@sfs-net.de\">info@sfs-net.de<\/a><\/p><h3>NIF-IVA:<\/h3><p>N\u00famero de identificaci\u00f3n a efectos del IVA conforme al \u00a7 27 a de la Ley del Impuesto sobre el Valor A\u00f1adido:<br>DE126457270<\/p>\t\t\t\t\t\t\t\t<\/div>\n\t\t\t\t\t<\/div>\n\t\t\t\t<\/div>\n\t\t\t\t<\/div>\n\t\t","protected":false},"excerpt":{"rendered":"<p>Aviso legal Informaci\u00f3n conforme al \u00a7 5 DDG (Ley de Servicios Digitales): Sch\u00e4fer &amp; Flottmann GmbH &amp; Co. KGEsborner Strasse 9758285 Gevelsberg Registro mercantil:HRA 4383HRB 5769Tribunal de registro: Amtsgericht Hagen Representada por:Heinrich Konrad Flottmann HRA 4383HRB 5769 Contacto: Tel\u00e9fono: +49 (0) 2332 9596 0Correo electr\u00f3nico: info@sfs-net.de NIF-IVA: N\u00famero de identificaci\u00f3n a efectos del IVA conforme [&hellip;]<\/p>\n","protected":false},"author":1,"featured_media":0,"parent":0,"menu_order":0,"comment_status":"closed","ping_status":"closed","template":"elementor_header_footer","meta":{"footnotes":""},"class_list":["post-4291","page","type-page","status-publish","hentry"],"_links":{"self":[{"href":"https:\/\/sfs-net.de\/es\/wp-json\/wp\/v2\/pages\/4291","targetHints":{"allow":["GET"]}}],"collection":[{"href":"https:\/\/sfs-net.de\/es\/wp-json\/wp\/v2\/pages"}],"about":[{"href":"https:\/\/sfs-net.de\/es\/wp-json\/wp\/v2\/types\/page"}],"author":[{"embeddable":true,"href":"https:\/\/sfs-net.de\/es\/wp-json\/wp\/v2\/users\/1"}],"replies":[{"embeddable":true,"href":"https:\/\/sfs-net.de\/es\/wp-json\/wp\/v2\/comments?post=4291"}],"version-history":[{"count":2,"href":"https:\/\/sfs-net.de\/es\/wp-json\/wp\/v2\/pages\/4291\/revisions"}],"predecessor-version":[{"id":5694,"href":"https:\/\/sfs-net.de\/es\/wp-json\/wp\/v2\/pages\/4291\/revisions\/5694"}],"wp:attachment":[{"href":"https:\/\/sfs-net.de\/es\/wp-json\/wp\/v2\/media?parent=4291"}],"curies":[{"name":"wp","href":"https:\/\/api.w.org\/{rel}","templated":true}]}}