{"id":4285,"date":"2026-04-21T10:31:16","date_gmt":"2026-04-21T08:31:16","guid":{"rendered":"https:\/\/sfs-net.de\/responsabilite\/"},"modified":"2026-04-28T12:56:01","modified_gmt":"2026-04-28T10:56:01","slug":"responsabilite","status":"publish","type":"page","link":"https:\/\/sfs-net.de\/fr\/responsabilite\/","title":{"rendered":"Responsabilit\u00e9"},"content":{"rendered":"\t\t<div data-elementor-type=\"wp-page\" data-elementor-id=\"4285\" class=\"elementor elementor-4285 elementor-3135\" data-elementor-post-type=\"page\">\n\t\t\t\t<div class=\"elementor-element elementor-element-d7b843e e-flex e-con-boxed e-con e-parent\" data-id=\"d7b843e\" data-element_type=\"container\" data-e-type=\"container\">\n\t\t\t\t\t<div class=\"e-con-inner\">\n\t\t\t\t<div class=\"elementor-element elementor-element-6a4a59b elementor-widget elementor-widget-heading\" data-id=\"6a4a59b\" data-element_type=\"widget\" data-e-type=\"widget\" data-widget_type=\"heading.default\">\n\t\t\t\t\t<h1 class=\"elementor-heading-title elementor-size-default\">Responsabilit\u00e9<\/h1>\t\t\t\t<\/div>\n\t\t\t\t<div class=\"elementor-element elementor-element-78a931a elementor-widget elementor-widget-text-editor\" data-id=\"78a931a\" data-element_type=\"widget\" data-e-type=\"widget\" data-widget_type=\"text-editor.default\">\n\t\t\t\t\t\t\t\t\t<h3>Responsabilit\u00e9 relative aux contenus<\/h3><p>En tant que prestataire de services, nous sommes responsables de nos propres contenus sur ces pages conform\u00e9ment au \u00a7 7, al. 1 DDG, selon les dispositions l\u00e9gales g\u00e9n\u00e9rales. Toutefois, conform\u00e9ment aux \u00a7\u00a7 8 \u00e0 10 DDG, en tant que prestataire de services, nous ne sommes pas tenus de surveiller les informations de tiers transmises ou stock\u00e9es, ni de rechercher des circonstances indiquant une activit\u00e9 ill\u00e9gale.  <\/p><p>Les obligations de suppression ou de blocage de l\u2019utilisation d\u2019informations conform\u00e9ment aux dispositions l\u00e9gales g\u00e9n\u00e9rales n\u2019en sont pas affect\u00e9es. Une responsabilit\u00e9 \u00e0 cet \u00e9gard n\u2019est toutefois possible qu\u2019\u00e0 partir du moment o\u00f9 une violation concr\u00e8te du droit est port\u00e9e \u00e0 notre connaissance. D\u00e8s que nous aurons connaissance de violations correspondantes, nous supprimerons imm\u00e9diatement ces contenus.  <\/p><h3>Responsabilit\u00e9 relative aux liens<\/h3><p>Notre offre contient des liens vers des sites web externes de tiers, sur le contenu desquels nous n\u2019avons aucune influence. Par cons\u00e9quent, nous ne pouvons assumer aucune garantie pour ces contenus externes. Le fournisseur ou l\u2019exploitant respectif des pages est toujours responsable du contenu des pages li\u00e9es. Les pages li\u00e9es ont \u00e9t\u00e9 v\u00e9rifi\u00e9es au moment de la mise en lien quant \u00e0 d\u2019\u00e9ventuelles violations de la loi. Aucun contenu ill\u00e9gal n\u2019\u00e9tait identifiable au moment de la mise en lien.    <\/p><p>Un contr\u00f4le permanent du contenu des pages li\u00e9es n\u2019est toutefois pas raisonnable sans indices concrets d\u2019une violation de la loi. D\u00e8s que nous aurons connaissance de violations, nous supprimerons imm\u00e9diatement de tels liens. <\/p><h3>Droit d\u2019auteur<\/h3><p>Les contenus et \u0153uvres cr\u00e9\u00e9s par l\u2019exploitant du site sur ces pages sont soumis au droit d\u2019auteur allemand. La reproduction, le traitement, la diffusion et toute forme d\u2019exploitation en dehors des limites du droit d\u2019auteur n\u00e9cessitent l\u2019accord \u00e9crit de l\u2019auteur ou du cr\u00e9ateur concern\u00e9. Les t\u00e9l\u00e9chargements et copies de ce site ne sont autoris\u00e9s que pour un usage priv\u00e9, non commercial.  <\/p><p>Dans la mesure o\u00f9 les contenus de ce site n\u2019ont pas \u00e9t\u00e9 cr\u00e9\u00e9s par l\u2019exploitant, les droits d\u2019auteur de tiers sont respect\u00e9s. En particulier, les contenus de tiers sont identifi\u00e9s comme tels. Si vous deviez n\u00e9anmoins constater une violation du droit d\u2019auteur, nous vous prions de nous en informer. D\u00e8s que nous aurons connaissance de violations, nous supprimerons imm\u00e9diatement de tels contenus.   <\/p><h3>Clause d\u2019\u00e9galit\u00e9<\/h3><p>L\u2019\u00e9galit\u00e9 entre les femmes, les hommes et les personnes non binaires constitue un aspect fondamental de notre soci\u00e9t\u00e9. Par cons\u00e9quent, les femmes et les personnes non binaires doivent \u00eatre mentionn\u00e9es explicitement partout o\u00f9 elles sont concern\u00e9es ou pourraient l\u2019\u00eatre, contrairement \u00e0 une d\u00e9signation g\u00e9n\u00e9rique au masculin. Pour cette raison, tous les contenus, descriptions, d\u00e9signations, passages de texte et formulations se rapportant \u00e0 des personnes sur ce site web s\u2019entendent, pour des raisons d\u2019\u00e9galit\u00e9 de traitement et d\u2019\u00e9galit\u00e9, comme s\u2019appliquant de la m\u00eame mani\u00e8re aux hommes, aux femmes et aux personnes non binaires.  <\/p>\t\t\t\t\t\t\t\t<\/div>\n\t\t\t\t\t<\/div>\n\t\t\t\t<\/div>\n\t\t\t\t<\/div>\n\t\t","protected":false},"excerpt":{"rendered":"<p>Responsabilit\u00e9 Responsabilit\u00e9 relative aux contenus En tant que prestataire de services, nous sommes responsables de nos propres contenus sur ces pages conform\u00e9ment au \u00a7 7, al. 1 DDG, selon les dispositions l\u00e9gales g\u00e9n\u00e9rales. Toutefois, conform\u00e9ment aux \u00a7\u00a7 8 \u00e0 10 DDG, en tant que prestataire de services, nous ne sommes pas tenus de surveiller les [&hellip;]<\/p>\n","protected":false},"author":1,"featured_media":0,"parent":0,"menu_order":0,"comment_status":"closed","ping_status":"closed","template":"elementor_header_footer","meta":{"footnotes":""},"class_list":["post-4285","page","type-page","status-publish","hentry"],"_links":{"self":[{"href":"https:\/\/sfs-net.de\/fr\/wp-json\/wp\/v2\/pages\/4285","targetHints":{"allow":["GET"]}}],"collection":[{"href":"https:\/\/sfs-net.de\/fr\/wp-json\/wp\/v2\/pages"}],"about":[{"href":"https:\/\/sfs-net.de\/fr\/wp-json\/wp\/v2\/types\/page"}],"author":[{"embeddable":true,"href":"https:\/\/sfs-net.de\/fr\/wp-json\/wp\/v2\/users\/1"}],"replies":[{"embeddable":true,"href":"https:\/\/sfs-net.de\/fr\/wp-json\/wp\/v2\/comments?post=4285"}],"version-history":[{"count":1,"href":"https:\/\/sfs-net.de\/fr\/wp-json\/wp\/v2\/pages\/4285\/revisions"}],"predecessor-version":[{"id":4286,"href":"https:\/\/sfs-net.de\/fr\/wp-json\/wp\/v2\/pages\/4285\/revisions\/4286"}],"wp:attachment":[{"href":"https:\/\/sfs-net.de\/fr\/wp-json\/wp\/v2\/media?parent=4285"}],"curies":[{"name":"wp","href":"https:\/\/api.w.org\/{rel}","templated":true}]}}